{"id":15765,"date":"2019-05-09T09:51:46","date_gmt":"2019-05-09T09:51:46","guid":{"rendered":"https:\/\/cuinesduran.com\/servicios\/"},"modified":"2024-05-10T10:41:39","modified_gmt":"2024-05-10T10:41:39","slug":"servicios","status":"publish","type":"page","link":"https:\/\/cuinesduran.com\/es\/servicios\/","title":{"rendered":"SERVICIOS"},"content":{"rendered":"<div class=\"wpb-content-wrapper\"><p>[vc_row css_animation=\u00bb\u00bb row_type=\u00bbrow\u00bb use_row_as_full_screen_section=\u00bbno\u00bb type=\u00bbgrid\u00bb angled_section=\u00bbno\u00bb text_align=\u00bbleft\u00bb background_image_as_pattern=\u00bbwithout_pattern\u00bb css=\u00bb.vc_custom_1547201742471{background-position: center !important;background-repeat: no-repeat !important;background-size: contain !important;}\u00bb z_index=\u00bb\u00bb el_class=\u00bbservicio_section1&#8243;][vc_column offset=\u00bbvc_col-md-4&#8243; el_class=\u00bbservicio_section1_inn1&#8243;][qode_elements_holder number_of_columns=\u00bbone_column\u00bb][qode_elements_holder_item advanced_animations=\u00bbno\u00bb][vc_column_text]<\/p>\n<h2><span style=\"color: #881530;\">PROYECTOS PARA<\/span><br \/>\n<span style=\"color: #881530;\">PARTICULARES<\/span><\/h2>\n<p>[\/vc_column_text][vc_empty_space height=\u00bb42px\u00bb][vc_column_text]<span style=\"font-weight: 400;\">Bajo la modalidad llave en mano, el proceso de reforma ser\u00e1 una experiencia gratificante que vivir\u00e1s sin preocupaciones.<\/span>[\/vc_column_text][vc_empty_space height=\u00bb31px\u00bb]<a  itemprop=\"url\" href=\"https:\/\/cuinesduran.com\/wp-content\/uploads\/2024\/05\/Web_Elige-arrital-para-tu-cocina.pdf\" target=\"_self\" data-hover-background-color=#ffffff data-hover-border-color=#881530 data-hover-color=#881530 class=\"qbutton  default\" style=\"color: #ffffff; border-color: #ffffff; background-color: #881530;\">Por qu\u00e9 Arrital<\/a>[vc_empty_space height=\u00bb31px\u00bb]<a  itemprop=\"url\" href=\"https:\/\/cuinesduran.com\/wp-content\/uploads\/2024\/05\/Web_Ak_Project_2024-fusionado.pdf\" target=\"_self\" data-hover-background-color=#ffffff data-hover-border-color=#881530 data-hover-color=#881530 class=\"qbutton  default\" style=\"color: #ffffff; border-color: #ffffff; background-color: #881530;\">Cat\u00e1logo AK Project<\/a>[\/qode_elements_holder_item][\/qode_elements_holder][\/vc_column][vc_column offset=\u00bbvc_col-md-8&#8243; el_class=\u00bbservicio_section1_inn2&#8243;][qode_elements_holder number_of_columns=\u00bbone_column\u00bb][qode_elements_holder_item item_padding=\u00bb0px 0px 60px\u00bb advanced_animations=\u00bbno\u00bb item_padding_600_768=\u00bb0px 0px 90px\u00bb][vc_single_image image=\u00bb18071&#8243; img_size=\u00bbfull\u00bb alignment=\u00bbcenter\u00bb qode_css_animation=\u00bb\u00bb][\/qode_elements_holder_item][\/qode_elements_holder][\/vc_column][\/vc_row][vc_row css_animation=\u00bb\u00bb row_type=\u00bbrow\u00bb use_row_as_full_screen_section=\u00bbno\u00bb type=\u00bbgrid\u00bb angled_section=\u00bbno\u00bb text_align=\u00bbleft\u00bb background_image_as_pattern=\u00bbwithout_pattern\u00bb z_index=\u00bb\u00bb el_class=\u00bbservicio_section2&#8243;][vc_column][vc_row_inner row_type=\u00bbrow\u00bb type=\u00bbfull_width\u00bb text_align=\u00bbleft\u00bb css_animation=\u00bb\u00bb el_class=\u00bbservicio_section2_inn1&#8243;][vc_column_inner el_class=\u00bbservicio_section2_inn1_inn1&#8243; width=\u00bb1\/2&#8243;][vc_column_text]<b>Arrital Cucine<\/b><span style=\"font-weight: 400;\">, de creaci\u00f3n y fabricaci\u00f3n de mobiliario 100% italiano, <\/span><b>ofrece una amplia gama de productos y acabados;<\/b><span style=\"font-weight: 400;\"> desde el resistente skintech a la famosa laca lisa, hasta fascinantes maderas naturales y exclusivos frontales de aluminio y vidrio.<\/span><\/p>\n<p>&nbsp;<\/p>\n<p><span style=\"font-weight: 400;\">Dise\u00f1aremos de forma integral la distribuci\u00f3n, la est\u00e9tica y la propuesta lum\u00ednica de la estancia para ofrecer las prestaciones que te permitan trabajar con mayor comodidad. Para visualizar el espacio, se <\/span><b>presentar\u00e1 la propuesta mediante im\u00e1genes 3D foto realistas,<\/b><span style=\"font-weight: 400;\"> para facilitar la comprensi\u00f3n detallada de la proporci\u00f3n, prestaciones y acabados.<\/span>[\/vc_column_text][\/vc_column_inner][vc_column_inner el_class=\u00bbservicio_section2_inn1_inn2&#8243; width=\u00bb1\/2&#8243;][vc_column_text]<\/p>\n<p style=\"visibility: hidden; display: none;\">.<\/p>\n<p><span style=\"font-weight: 400;\">Trabajando bajo la <\/span><b>modalidad llave en mano,<\/b><span style=\"font-weight: 400;\"> el proceso de reforma ser\u00e1 una experiencia gratificante que vivir\u00e1s sin preocupaciones. Nuestro equipo se encargar\u00e1 de la tramitaci\u00f3n de permisos, la coordinaci\u00f3n de personal y los distintos procesos, siguiendo un plan de trabajo estricto. Sabemos c\u00f3mo hacerlo. Podemos realizar tu sue\u00f1o realidad.<\/span>[\/vc_column_text][\/vc_column_inner][\/vc_row_inner][\/vc_column][\/vc_row][vc_row css_animation=\u00bb\u00bb row_type=\u00bbrow\u00bb use_row_as_full_screen_section=\u00bbno\u00bb type=\u00bbfull_width\u00bb angled_section=\u00bbno\u00bb text_align=\u00bbleft\u00bb background_image_as_pattern=\u00bbwithout_pattern\u00bb][vc_column][vc_raw_html]PGRpdiBjbGFzcz0ibGluZWFfc2VwYXJhY2lvbiI+PC9kaXY+[\/vc_raw_html][\/vc_column][\/vc_row][vc_row css_animation=\u00bb\u00bb row_type=\u00bbrow\u00bb use_row_as_full_screen_section=\u00bbno\u00bb type=\u00bbgrid\u00bb angled_section=\u00bbno\u00bb text_align=\u00bbleft\u00bb background_image_as_pattern=\u00bbwithout_pattern\u00bb css=\u00bb.vc_custom_1547201780149{background-position: center !important;background-repeat: no-repeat !important;background-size: contain !important;}\u00bb z_index=\u00bb\u00bb el_class=\u00bbservicio_section1 servicio_section_back2&#8243;][vc_column offset=\u00bbvc_col-md-4&#8243; el_class=\u00bbservicio_section1_inn1&#8243;][qode_elements_holder number_of_columns=\u00bbone_column\u00bb][qode_elements_holder_item advanced_animations=\u00bbno\u00bb][vc_column_text]<\/p>\n<h2><span style=\"color: #881530;\">\u00bfERES ARQUITECTO O INTERIORISTA?<\/span><\/h2>\n<p>[\/vc_column_text][vc_empty_space height=\u00bb31px\u00bb][vc_column_text]Visita nuestro showroom y descubre las grandes ventajas de trabajar juntos.[\/vc_column_text][vc_empty_space height=\u00bb31px\u00bb]<a  itemprop=\"url\" href=\"https:\/\/cuinesduran.com\/wp-content\/uploads\/2024\/05\/Web_Feeling_Home_2024-fusionado.pdf\" target=\"_self\" data-hover-background-color=#ffffff data-hover-border-color=#881530 data-hover-color=#881530 class=\"qbutton  default\" style=\"color: #ffffff; border-color: #ffffff; background-color: #881530;\">Cat\u00e1logo Feeling Home<\/a>[vc_empty_space height=\u00bb31px\u00bb]<a  itemprop=\"url\" href=\"https:\/\/cuinesduran.com\/wp-content\/uploads\/2024\/05\/Web_Ak_04-%20AkB_08.pdf\" target=\"_self\" data-hover-background-color=#ffffff data-hover-border-color=#881530 data-hover-color=#881530 class=\"qbutton  default\" style=\"color: #ffffff; border-color: #ffffff; background-color: #881530;\">Cat\u00e1logo AK_o I AKB_08<\/a>[\/qode_elements_holder_item][\/qode_elements_holder][\/vc_column][vc_column offset=\u00bbvc_col-md-8&#8243; el_class=\u00bbservicio_section1_inn2&#8243;][qode_elements_holder number_of_columns=\u00bbone_column\u00bb][qode_elements_holder_item item_padding=\u00bb0px 0px 60px\u00bb advanced_animations=\u00bbno\u00bb item_padding_600_768=\u00bb0px 0px 90px\u00bb][vc_single_image image=\u00bb18075&#8243; img_size=\u00bbfull\u00bb alignment=\u00bbcenter\u00bb qode_css_animation=\u00bb\u00bb][\/qode_elements_holder_item][\/qode_elements_holder][\/vc_column][\/vc_row][vc_row css_animation=\u00bb\u00bb row_type=\u00bbrow\u00bb use_row_as_full_screen_section=\u00bbno\u00bb type=\u00bbgrid\u00bb angled_section=\u00bbno\u00bb text_align=\u00bbleft\u00bb background_image_as_pattern=\u00bbwithout_pattern\u00bb z_index=\u00bb\u00bb el_class=\u00bbservicio_section2&#8243;][vc_column][vc_row_inner row_type=\u00bbrow\u00bb type=\u00bbfull_width\u00bb text_align=\u00bbleft\u00bb css_animation=\u00bb\u00bb el_class=\u00bbservicio_section2_inn1&#8243;][vc_column_inner el_class=\u00bbservicio_section2_inn1_inn1&#8243; width=\u00bb1\/2&#8243;][vc_column_text]<span style=\"font-weight: 400;\">Apostar por un dise\u00f1o ganador es la clave que marca la diferencia. <\/span><b>Encuentra en Arrital el mejor aliado<\/b><span style=\"font-weight: 400;\"> para hacer realidad los sue\u00f1os de tus clientes: crear un hogar moderno, c\u00f3modo y funcional donde disfrutar en familia. Descubre por qu\u00e9 deber\u00edas elegir nuestros muebles de dise\u00f1o italiano para tus pr\u00f3ximos proyectos.<\/span>[\/vc_column_text][\/vc_column_inner][vc_column_inner el_class=\u00bbservicio_section2_inn1_inn2&#8243; width=\u00bb1\/2&#8243;][vc_column_text]<b>Visita nuestro showroom, <\/b><span style=\"font-weight: 400;\">en el que dispondr\u00e1s de una materioteka que ofrece un gran abanico de acabados. Una experiencia completa que te ofrecemos para que las cocinas se adapten a cada cliente como un traje a la medida.<\/span>[\/vc_column_text][\/vc_column_inner][\/vc_row_inner][\/vc_column][\/vc_row][vc_row css_animation=\u00bb\u00bb row_type=\u00bbrow\u00bb use_row_as_full_screen_section=\u00bbno\u00bb type=\u00bbfull_width\u00bb angled_section=\u00bbno\u00bb text_align=\u00bbleft\u00bb background_image_as_pattern=\u00bbwithout_pattern\u00bb][vc_column][vc_raw_html]PGRpdiBjbGFzcz0ibGluZWFfc2VwYXJhY2lvbiI+PC9kaXY+[\/vc_raw_html][\/vc_column][\/vc_row][vc_row css_animation=\u00bb\u00bb row_type=\u00bbrow\u00bb use_row_as_full_screen_section=\u00bbno\u00bb type=\u00bbgrid\u00bb angled_section=\u00bbno\u00bb text_align=\u00bbleft\u00bb background_image_as_pattern=\u00bbwithout_pattern\u00bb css=\u00bb.vc_custom_1547201788272{background-position: center !important;background-repeat: no-repeat !important;background-size: contain !important;}\u00bb z_index=\u00bb\u00bb el_class=\u00bbservicio_section1&#8243;][vc_column offset=\u00bbvc_col-md-4&#8243; el_class=\u00bbservicio_section1_inn1&#8243;][qode_elements_holder number_of_columns=\u00bbone_column\u00bb][qode_elements_holder_item advanced_animations=\u00bbno\u00bb][vc_column_text]<\/p>\n<h2><span style=\"color: #881530;\">TRATAMIENTOS DE AGUA<\/span><\/h2>\n<p>[\/vc_column_text][vc_empty_space height=\u00bb42px\u00bb][vc_column_text]Asesoramiento, instalaci\u00f3n y mantenimiento de tratamientos de agua y desinfecci\u00f3n ecol\u00f3gica.[\/vc_column_text][vc_empty_space height=\u00bb42px\u00bb][\/qode_elements_holder_item][\/qode_elements_holder][\/vc_column][vc_column offset=\u00bbvc_col-md-8&#8243; el_class=\u00bbservicio_section1_inn2&#8243;][qode_elements_holder number_of_columns=\u00bbone_column\u00bb][qode_elements_holder_item item_padding=\u00bb0px 0px 60px\u00bb advanced_animations=\u00bbno\u00bb item_padding_600_768=\u00bb0px 0px 90px\u00bb][vc_single_image image=\u00bb18073&#8243; img_size=\u00bbfull\u00bb alignment=\u00bbcenter\u00bb qode_css_animation=\u00bb\u00bb][\/qode_elements_holder_item][\/qode_elements_holder][\/vc_column][\/vc_row][vc_row css_animation=\u00bb\u00bb row_type=\u00bbrow\u00bb use_row_as_full_screen_section=\u00bbno\u00bb type=\u00bbgrid\u00bb angled_section=\u00bbno\u00bb text_align=\u00bbleft\u00bb background_image_as_pattern=\u00bbwithout_pattern\u00bb z_index=\u00bb\u00bb el_class=\u00bbservicio_section2&#8243;][vc_column][vc_row_inner row_type=\u00bbrow\u00bb type=\u00bbfull_width\u00bb text_align=\u00bbleft\u00bb css_animation=\u00bb\u00bb el_class=\u00bbservicio_section2_inn1&#8243;][vc_column_inner el_class=\u00bbservicio_section2_inn1_inn1&#8243; width=\u00bb1\/2&#8243;][vc_column_text]<span style=\"font-weight: 400;\">Es importante tomar conciencia de que la parte m\u00e1s importante de las viviendas es la que est\u00e1 oculta detr\u00e1s de los muros. Si las instalaciones no se mantienen en un estado \u00f3ptimo, los aparatos sanitarios, los electrodom\u00e9sticos, o incluso, nuestra salud, pueden sufrir sus consecuencias.<\/span><\/p>\n<p>&nbsp;<\/p>\n<p><span style=\"font-weight: 400;\">Conoce qu\u00e9 aparatos son indispensables para alargar la vida \u00fatil de tu hogar, desde equipos de <\/span><b>descalcificaci\u00f3n ecol\u00f3gicos<\/b><span style=\"font-weight: 400;\"> que funcionan sin sal, hasta tratamientos de <\/span><b>agua con aporte de<\/b> <b>ozono,<\/b><span style=\"font-weight: 400;\"> que adem\u00e1s de tener m\u00faltiples <\/span><b>beneficios para la desinfecci\u00f3n<\/b><span style=\"font-weight: 400;\">, son un excelente tratamiento contra la <\/span><b>ca\u00edda del cabello<\/b><span style=\"font-weight: 400;\">, la <\/span><b>piel at\u00f3pica<\/b><span style=\"font-weight: 400;\"> o, incluso, la higiene de animales dom\u00e9sticos, por su efecto desodorizante.<\/span>[\/vc_column_text][\/vc_column_inner][vc_column_inner el_class=\u00bbservicio_section2_inn1_inn2&#8243; width=\u00bb1\/2&#8243;][vc_column_text]<span style=\"font-weight: 400;\">Si lo que buscas es un <\/span><b>tratamiento de agua exclusivo<\/b><span style=\"font-weight: 400;\">, d\u00e9jate sorprender por la comodidad de <\/span><b>Quooker<\/b><span style=\"font-weight: 400;\">, el sistema que proporciona agua hirviendo a 100\u00b0C, refrigerada con y sin gas directamente desde un \u00fanico grifo, todo filtrado.<\/span>[\/vc_column_text][\/vc_column_inner][\/vc_row_inner][\/vc_column][\/vc_row][vc_row css_animation=\u00bb\u00bb row_type=\u00bbrow\u00bb use_row_as_full_screen_section=\u00bbno\u00bb type=\u00bbgrid\u00bb angled_section=\u00bbno\u00bb text_align=\u00bbleft\u00bb background_image_as_pattern=\u00bbwithout_pattern\u00bb css=\u00bb.vc_custom_1709117839092{margin-top: 30px !important;margin-bottom: 30px !important;}\u00bb z_index=\u00bb\u00bb][vc_column][vc_row_inner row_type=\u00bbrow\u00bb type=\u00bbfull_width\u00bb text_align=\u00bbleft\u00bb css_animation=\u00bb\u00bb][vc_column_inner][vc_single_image image=\u00bb17871&#8243; img_size=\u00bbfull\u00bb qode_css_animation=\u00bb\u00bb][\/vc_column_inner][\/vc_row_inner][\/vc_column][\/vc_row]<\/p>\n<\/div>","protected":false},"excerpt":{"rendered":"<p>[vc_row css_animation=\u00bb\u00bb row_type=\u00bbrow\u00bb use_row_as_full_screen_section=\u00bbno\u00bb type=\u00bbgrid\u00bb angled_section=\u00bbno\u00bb text_align=\u00bbleft\u00bb background_image_as_pattern=\u00bbwithout_pattern\u00bb css=\u00bb.vc_custom_1547201742471{background-position: center !important;background-repeat: no-repeat !important;background-size: contain !important;}\u00bb z_index=\u00bb\u00bb el_class=\u00bbservicio_section1&#8243;][vc_column offset=\u00bbvc_col-md-4&#8243; el_class=\u00bbservicio_section1_inn1&#8243;][qode_elements_holder number_of_columns=\u00bbone_column\u00bb][qode_elements_holder_item&#8230;<\/p>\n","protected":false},"author":2,"featured_media":0,"parent":0,"menu_order":0,"comment_status":"closed","ping_status":"open","template":"full_width.php","meta":{"footnotes":""},"class_list":["post-15765","page","type-page","status-publish","hentry"],"yoast_head":"<!-- This site is optimized with the Yoast SEO plugin v27.6 - https:\/\/yoast.com\/product\/yoast-seo-wordpress\/ -->\n<title>SERVICIOS - Cuines Duran<\/title>\n<meta name=\"robots\" content=\"index, follow, max-snippet:-1, max-image-preview:large, max-video-preview:-1\" \/>\n<link rel=\"canonical\" href=\"https:\/\/cuinesduran.com\/es\/servicios\/\" \/>\n<meta property=\"og:locale\" content=\"es_ES\" \/>\n<meta property=\"og:type\" content=\"article\" \/>\n<meta property=\"og:title\" content=\"SERVICIOS - Cuines Duran\" \/>\n<meta property=\"og:description\" content=\"[vc_row css_animation=\u00bb\u00bb row_type=\u00bbrow\u00bb use_row_as_full_screen_section=\u00bbno\u00bb type=\u00bbgrid\u00bb angled_section=\u00bbno\u00bb text_align=\u00bbleft\u00bb background_image_as_pattern=\u00bbwithout_pattern\u00bb css=\u00bb.vc_custom_1547201742471{background-position: center !important;background-repeat: no-repeat !important;background-size: contain !important;}\u00bb z_index=\u00bb\u00bb el_class=\u00bbservicio_section1&#8243;][vc_column offset=\u00bbvc_col-md-4&#8243; el_class=\u00bbservicio_section1_inn1&#8243;][qode_elements_holder number_of_columns=\u00bbone_column\u00bb][qode_elements_holder_item...\" \/>\n<meta property=\"og:url\" content=\"https:\/\/cuinesduran.com\/es\/servicios\/\" \/>\n<meta property=\"og:site_name\" content=\"Cuines Duran\" \/>\n<meta property=\"article:publisher\" content=\"https:\/\/www.facebook.com\/crearteinteriors\/\" \/>\n<meta property=\"article:modified_time\" content=\"2024-05-10T10:41:39+00:00\" \/>\n<meta name=\"twitter:card\" content=\"summary_large_image\" \/>\n<meta name=\"twitter:label1\" content=\"Tiempo de lectura\" \/>\n\t<meta name=\"twitter:data1\" content=\"5 minutos\" \/>\n<script type=\"application\/ld+json\" class=\"yoast-schema-graph\">{\"@context\":\"https:\\\/\\\/schema.org\",\"@graph\":[{\"@type\":\"WebPage\",\"@id\":\"https:\\\/\\\/cuinesduran.com\\\/es\\\/servicios\\\/\",\"url\":\"https:\\\/\\\/cuinesduran.com\\\/es\\\/servicios\\\/\",\"name\":\"SERVICIOS - Cuines Duran\",\"isPartOf\":{\"@id\":\"https:\\\/\\\/cuinesduran.com\\\/#website\"},\"datePublished\":\"2019-05-09T09:51:46+00:00\",\"dateModified\":\"2024-05-10T10:41:39+00:00\",\"breadcrumb\":{\"@id\":\"https:\\\/\\\/cuinesduran.com\\\/es\\\/servicios\\\/#breadcrumb\"},\"inLanguage\":\"es\",\"potentialAction\":[{\"@type\":\"ReadAction\",\"target\":[\"https:\\\/\\\/cuinesduran.com\\\/es\\\/servicios\\\/\"]}]},{\"@type\":\"BreadcrumbList\",\"@id\":\"https:\\\/\\\/cuinesduran.com\\\/es\\\/servicios\\\/#breadcrumb\",\"itemListElement\":[{\"@type\":\"ListItem\",\"position\":1,\"name\":\"Inici\",\"item\":\"https:\\\/\\\/cuinesduran.com\\\/es\\\/\"},{\"@type\":\"ListItem\",\"position\":2,\"name\":\"SERVICIOS\"}]},{\"@type\":\"WebSite\",\"@id\":\"https:\\\/\\\/cuinesduran.com\\\/#website\",\"url\":\"https:\\\/\\\/cuinesduran.com\\\/\",\"name\":\"Cuines Duran\",\"description\":\"Estudi d\u2019interiorisme.\",\"publisher\":{\"@id\":\"https:\\\/\\\/cuinesduran.com\\\/#organization\"},\"potentialAction\":[{\"@type\":\"SearchAction\",\"target\":{\"@type\":\"EntryPoint\",\"urlTemplate\":\"https:\\\/\\\/cuinesduran.com\\\/?s={search_term_string}\"},\"query-input\":{\"@type\":\"PropertyValueSpecification\",\"valueRequired\":true,\"valueName\":\"search_term_string\"}}],\"inLanguage\":\"es\"},{\"@type\":\"Organization\",\"@id\":\"https:\\\/\\\/cuinesduran.com\\\/#organization\",\"name\":\"Cuines Duran\",\"url\":\"https:\\\/\\\/cuinesduran.com\\\/\",\"logo\":{\"@type\":\"ImageObject\",\"inLanguage\":\"es\",\"@id\":\"https:\\\/\\\/cuinesduran.com\\\/#\\\/schema\\\/logo\\\/image\\\/\",\"url\":\"https:\\\/\\\/cuinesduran.com\\\/wp-content\\\/uploads\\\/2022\\\/12\\\/logo-quadrat_Bl.jpg\",\"contentUrl\":\"https:\\\/\\\/cuinesduran.com\\\/wp-content\\\/uploads\\\/2022\\\/12\\\/logo-quadrat_Bl.jpg\",\"width\":2008,\"height\":2008,\"caption\":\"Cuines Duran\"},\"image\":{\"@id\":\"https:\\\/\\\/cuinesduran.com\\\/#\\\/schema\\\/logo\\\/image\\\/\"},\"sameAs\":[\"https:\\\/\\\/www.facebook.com\\\/crearteinteriors\\\/\",\"https:\\\/\\\/www.instagram.com\\\/crearteinteriors\\\/\"]}]}<\/script>\n<!-- \/ Yoast SEO plugin. -->","yoast_head_json":{"title":"SERVICIOS - Cuines Duran","robots":{"index":"index","follow":"follow","max-snippet":"max-snippet:-1","max-image-preview":"max-image-preview:large","max-video-preview":"max-video-preview:-1"},"canonical":"https:\/\/cuinesduran.com\/es\/servicios\/","og_locale":"es_ES","og_type":"article","og_title":"SERVICIOS - Cuines Duran","og_description":"[vc_row css_animation=\u00bb\u00bb row_type=\u00bbrow\u00bb use_row_as_full_screen_section=\u00bbno\u00bb type=\u00bbgrid\u00bb angled_section=\u00bbno\u00bb text_align=\u00bbleft\u00bb background_image_as_pattern=\u00bbwithout_pattern\u00bb css=\u00bb.vc_custom_1547201742471{background-position: center !important;background-repeat: no-repeat !important;background-size: contain !important;}\u00bb z_index=\u00bb\u00bb el_class=\u00bbservicio_section1&#8243;][vc_column offset=\u00bbvc_col-md-4&#8243; el_class=\u00bbservicio_section1_inn1&#8243;][qode_elements_holder number_of_columns=\u00bbone_column\u00bb][qode_elements_holder_item...","og_url":"https:\/\/cuinesduran.com\/es\/servicios\/","og_site_name":"Cuines Duran","article_publisher":"https:\/\/www.facebook.com\/crearteinteriors\/","article_modified_time":"2024-05-10T10:41:39+00:00","twitter_card":"summary_large_image","twitter_misc":{"Tiempo de lectura":"5 minutos"},"schema":{"@context":"https:\/\/schema.org","@graph":[{"@type":"WebPage","@id":"https:\/\/cuinesduran.com\/es\/servicios\/","url":"https:\/\/cuinesduran.com\/es\/servicios\/","name":"SERVICIOS - Cuines Duran","isPartOf":{"@id":"https:\/\/cuinesduran.com\/#website"},"datePublished":"2019-05-09T09:51:46+00:00","dateModified":"2024-05-10T10:41:39+00:00","breadcrumb":{"@id":"https:\/\/cuinesduran.com\/es\/servicios\/#breadcrumb"},"inLanguage":"es","potentialAction":[{"@type":"ReadAction","target":["https:\/\/cuinesduran.com\/es\/servicios\/"]}]},{"@type":"BreadcrumbList","@id":"https:\/\/cuinesduran.com\/es\/servicios\/#breadcrumb","itemListElement":[{"@type":"ListItem","position":1,"name":"Inici","item":"https:\/\/cuinesduran.com\/es\/"},{"@type":"ListItem","position":2,"name":"SERVICIOS"}]},{"@type":"WebSite","@id":"https:\/\/cuinesduran.com\/#website","url":"https:\/\/cuinesduran.com\/","name":"Cuines Duran","description":"Estudi d\u2019interiorisme.","publisher":{"@id":"https:\/\/cuinesduran.com\/#organization"},"potentialAction":[{"@type":"SearchAction","target":{"@type":"EntryPoint","urlTemplate":"https:\/\/cuinesduran.com\/?s={search_term_string}"},"query-input":{"@type":"PropertyValueSpecification","valueRequired":true,"valueName":"search_term_string"}}],"inLanguage":"es"},{"@type":"Organization","@id":"https:\/\/cuinesduran.com\/#organization","name":"Cuines Duran","url":"https:\/\/cuinesduran.com\/","logo":{"@type":"ImageObject","inLanguage":"es","@id":"https:\/\/cuinesduran.com\/#\/schema\/logo\/image\/","url":"https:\/\/cuinesduran.com\/wp-content\/uploads\/2022\/12\/logo-quadrat_Bl.jpg","contentUrl":"https:\/\/cuinesduran.com\/wp-content\/uploads\/2022\/12\/logo-quadrat_Bl.jpg","width":2008,"height":2008,"caption":"Cuines Duran"},"image":{"@id":"https:\/\/cuinesduran.com\/#\/schema\/logo\/image\/"},"sameAs":["https:\/\/www.facebook.com\/crearteinteriors\/","https:\/\/www.instagram.com\/crearteinteriors\/"]}]}},"_links":{"self":[{"href":"https:\/\/cuinesduran.com\/es\/wp-json\/wp\/v2\/pages\/15765","targetHints":{"allow":["GET"]}}],"collection":[{"href":"https:\/\/cuinesduran.com\/es\/wp-json\/wp\/v2\/pages"}],"about":[{"href":"https:\/\/cuinesduran.com\/es\/wp-json\/wp\/v2\/types\/page"}],"author":[{"embeddable":true,"href":"https:\/\/cuinesduran.com\/es\/wp-json\/wp\/v2\/users\/2"}],"replies":[{"embeddable":true,"href":"https:\/\/cuinesduran.com\/es\/wp-json\/wp\/v2\/comments?post=15765"}],"version-history":[{"count":29,"href":"https:\/\/cuinesduran.com\/es\/wp-json\/wp\/v2\/pages\/15765\/revisions"}],"predecessor-version":[{"id":18152,"href":"https:\/\/cuinesduran.com\/es\/wp-json\/wp\/v2\/pages\/15765\/revisions\/18152"}],"wp:attachment":[{"href":"https:\/\/cuinesduran.com\/es\/wp-json\/wp\/v2\/media?parent=15765"}],"curies":[{"name":"wp","href":"https:\/\/api.w.org\/{rel}","templated":true}]}}