{"id":15857,"date":"2019-05-09T10:39:23","date_gmt":"2019-05-09T10:39:23","guid":{"rendered":"https:\/\/cuinesduran.com\/proyectos\/"},"modified":"2024-05-14T07:37:06","modified_gmt":"2024-05-14T07:37:06","slug":"proyectos","status":"publish","type":"page","link":"https:\/\/cuinesduran.com\/es\/proyectos\/","title":{"rendered":"PROYECTOS"},"content":{"rendered":"<div class=\"wpb-content-wrapper\"><p>[vc_row css_animation=\u00bb\u00bb row_type=\u00bbrow\u00bb use_row_as_full_screen_section=\u00bbno\u00bb type=\u00bbfull_width\u00bb angled_section=\u00bbno\u00bb text_align=\u00bbleft\u00bb background_image_as_pattern=\u00bbwithout_pattern\u00bb el_class=\u00bbprojectes\u00bb z_index=\u00bb\u00bb][vc_column]<div class='projects_holder_outer v2 portfolio_with_space portfolio_standard'><div class='projects_holder portfolio_main_holder clearfix v2 standard portfolio_landscape_image '>\n<article class='mix portfolio_category_231 ' style=''><div class='image_holder'><a itemprop='url' class='portfolio_link_for_touch' href='https:\/\/cuinesduran.com\/es\/portfolio_page\/reforma-integral-de-cocina-en-vilanova-i-geltru\/' target='_self'><span class='image'><img loading=\"lazy\" decoding=\"async\" width=\"800\" height=\"600\" src=\"https:\/\/cuinesduran.com\/wp-content\/uploads\/2019\/05\/CRVL04-800x600.jpg\" class=\"attachment-portfolio-landscape size-portfolio-landscape wp-post-image\" alt=\"\" \/><\/span><\/a><span class='text_holder'><span class='text_outer'><span class='text_inner'><span class='feature_holder'><span class=\"feature_holder_icons\"><a itemprop='image' class='lightbox qbutton small white' title='REFORMA INTEGRAL DE COCINA EN VILANOVA I LA GELTR\u00da' href='https:\/\/cuinesduran.com\/wp-content\/uploads\/2019\/05\/CRVL04.jpg' data-rel='prettyPhoto[pretty_photo_gallery]'>zoom<\/a><a itemprop='url' class='preview qbutton small white' href='https:\/\/cuinesduran.com\/es\/portfolio_page\/reforma-integral-de-cocina-en-vilanova-i-geltru\/' target='_self'>ver<\/a><\/span><\/span><\/span><\/span><\/span><\/div><div class='portfolio_description '><h5 itemprop=\"name\" class=\"portfolio_title entry_title\"><a itemprop=\"url\" href=\"https:\/\/cuinesduran.com\/es\/portfolio_page\/reforma-integral-de-cocina-en-vilanova-i-geltru\/\"  target=\"_self\">REFORMA INTEGRAL DE COCINA EN VILANOVA I LA GELTR\u00da<\/a><\/h5><span class=\"project_category\" >Interior design<\/span><\/div><\/article>\n<article class='mix portfolio_category_231 ' style=''><div class='image_holder'><a itemprop='url' class='portfolio_link_for_touch' href='https:\/\/cuinesduran.com\/es\/portfolio_page\/reforma-integral-de-cocinas-en-vilanova-i-la-geltru\/' target='_self'><span class='image'><img loading=\"lazy\" decoding=\"async\" width=\"800\" height=\"600\" src=\"https:\/\/cuinesduran.com\/wp-content\/uploads\/2015\/05\/CRE_04_RECT-800x600.jpg\" class=\"attachment-portfolio-landscape size-portfolio-landscape wp-post-image\" alt=\"\" \/><\/span><\/a><span class='text_holder'><span class='text_outer'><span class='text_inner'><span class='feature_holder'><span class=\"feature_holder_icons\"><a itemprop='image' class='lightbox qbutton small white' title='REFORMA INTEGRAL DE COCINA | VILANOVA I LA GELTR\u00da' href='https:\/\/cuinesduran.com\/wp-content\/uploads\/2015\/05\/CRE_04_RECT.jpg' data-rel='prettyPhoto[pretty_photo_gallery]'>zoom<\/a><a itemprop='url' class='preview qbutton small white' href='https:\/\/cuinesduran.com\/es\/portfolio_page\/reforma-integral-de-cocinas-en-vilanova-i-la-geltru\/' target='_self'>ver<\/a><\/span><\/span><\/span><\/span><\/span><\/div><div class='portfolio_description '><h5 itemprop=\"name\" class=\"portfolio_title entry_title\"><a itemprop=\"url\" href=\"https:\/\/cuinesduran.com\/es\/portfolio_page\/reforma-integral-de-cocinas-en-vilanova-i-la-geltru\/\"  target=\"_self\">REFORMA INTEGRAL DE COCINA | VILANOVA I LA GELTR\u00da<\/a><\/h5><span class=\"project_category\" >Interior design<\/span><\/div><\/article>\n<article class='mix portfolio_category_231 ' style=''><div class='image_holder'><a itemprop='url' class='portfolio_link_for_touch' href='https:\/\/cuinesduran.com\/es\/portfolio_page\/reforma-integral-de-cocina-en-sitges\/' target='_self'><span class='image'><img loading=\"lazy\" decoding=\"async\" width=\"800\" height=\"600\" src=\"https:\/\/cuinesduran.com\/wp-content\/uploads\/2015\/05\/CDSP02-800x600.jpg\" class=\"attachment-portfolio-landscape size-portfolio-landscape wp-post-image\" alt=\"\" \/><\/span><\/a><span class='text_holder'><span class='text_outer'><span class='text_inner'><span class='feature_holder'><span class=\"feature_holder_icons\"><a itemprop='image' class='lightbox qbutton small white' title='REFORMA INTEGRAL DE COCINA EN SITGES' href='https:\/\/cuinesduran.com\/wp-content\/uploads\/2015\/05\/CDSP02.jpg' data-rel='prettyPhoto[pretty_photo_gallery]'>zoom<\/a><a itemprop='url' class='preview qbutton small white' href='https:\/\/cuinesduran.com\/es\/portfolio_page\/reforma-integral-de-cocina-en-sitges\/' target='_self'>ver<\/a><\/span><\/span><\/span><\/span><\/span><\/div><div class='portfolio_description '><h5 itemprop=\"name\" class=\"portfolio_title entry_title\"><a itemprop=\"url\" href=\"https:\/\/cuinesduran.com\/es\/portfolio_page\/reforma-integral-de-cocina-en-sitges\/\"  target=\"_self\">REFORMA INTEGRAL DE COCINA EN SITGES<\/a><\/h5><span class=\"project_category\" >Interior design<\/span><\/div><\/article>\n<article class='mix portfolio_category_231 ' style=''><div class='image_holder'><a itemprop='url' class='portfolio_link_for_touch' href='https:\/\/cuinesduran.com\/es\/portfolio_page\/reforma-integral-de-banos-en-suite-barcelona\/' target='_self'><span class='image'><img loading=\"lazy\" decoding=\"async\" width=\"800\" height=\"600\" src=\"https:\/\/cuinesduran.com\/wp-content\/uploads\/2023\/01\/PH_CIPD09_1-800x600.jpg\" class=\"attachment-portfolio-landscape size-portfolio-landscape wp-post-image\" alt=\"\" \/><\/span><\/a><span class='text_holder'><span class='text_outer'><span class='text_inner'><span class='feature_holder'><span class=\"feature_holder_icons\"><a itemprop='image' class='lightbox qbutton small white' title='REFORMA INTEGRAL DE BA\u00d1OS EN SUITE | BARCELONA' href='https:\/\/cuinesduran.com\/wp-content\/uploads\/2023\/01\/PH_CIPD09_1.jpg' data-rel='prettyPhoto[pretty_photo_gallery]'>zoom<\/a><a itemprop='url' class='preview qbutton small white' href='https:\/\/cuinesduran.com\/es\/portfolio_page\/reforma-integral-de-banos-en-suite-barcelona\/' target='_self'>ver<\/a><\/span><\/span><\/span><\/span><\/span><\/div><div class='portfolio_description '><h5 itemprop=\"name\" class=\"portfolio_title entry_title\"><a itemprop=\"url\" href=\"https:\/\/cuinesduran.com\/es\/portfolio_page\/reforma-integral-de-banos-en-suite-barcelona\/\"  target=\"_self\">REFORMA INTEGRAL DE BA\u00d1OS EN SUITE | BARCELONA<\/a><\/h5><span class=\"project_category\" >Interior design<\/span><\/div><\/article>\n<article class='mix portfolio_category_231 ' style=''><div class='image_holder'><a itemprop='url' class='portfolio_link_for_touch' href='https:\/\/cuinesduran.com\/es\/portfolio_page\/reforma-integral-de-cocina-en-castelldefels\/' target='_blank'><span class='image'><img loading=\"lazy\" decoding=\"async\" width=\"800\" height=\"600\" src=\"https:\/\/cuinesduran.com\/wp-content\/uploads\/2023\/01\/IMG-20240228-WA0030-800x600.jpg\" class=\"attachment-portfolio-landscape size-portfolio-landscape wp-post-image\" alt=\"\" \/><\/span><\/a><span class='text_holder'><span class='text_outer'><span class='text_inner'><span class='feature_holder'><span class=\"feature_holder_icons\"><a itemprop='image' class='lightbox qbutton small white' title='REFORMA INTEGRAL DE COCINA EN CASTELLDEFELS' href='https:\/\/cuinesduran.com\/wp-content\/uploads\/2023\/01\/IMG-20240228-WA0030.jpg' data-rel='prettyPhoto[pretty_photo_gallery]'>zoom<\/a><a itemprop='url' class='preview qbutton small white' href='https:\/\/cuinesduran.com\/es\/portfolio_page\/reforma-integral-de-cocina-en-castelldefels\/' target='_blank'>ver<\/a><\/span><\/span><\/span><\/span><\/span><\/div><div class='portfolio_description '><h5 itemprop=\"name\" class=\"portfolio_title entry_title\"><a itemprop=\"url\" href=\"https:\/\/cuinesduran.com\/es\/portfolio_page\/reforma-integral-de-cocina-en-castelldefels\/\"  target=\"_blank\">REFORMA INTEGRAL DE COCINA EN CASTELLDEFELS<\/a><\/h5><span class=\"project_category\" >Interior design<\/span><\/div><\/article>\n<article class='mix portfolio_category_231 ' style=''><div class='image_holder'><a itemprop='url' class='portfolio_link_for_touch' href='https:\/\/cuinesduran.com\/es\/portfolio_page\/reforma-integral-de-cocina-barcelona\/' target='_self'><span class='image'><img loading=\"lazy\" decoding=\"async\" width=\"800\" height=\"600\" src=\"https:\/\/cuinesduran.com\/wp-content\/uploads\/2023\/01\/CDPD03_1-800x600.jpg\" class=\"attachment-portfolio-landscape size-portfolio-landscape wp-post-image\" alt=\"CDPD03_1\" \/><\/span><\/a><span class='text_holder'><span class='text_outer'><span class='text_inner'><span class='feature_holder'><span class=\"feature_holder_icons\"><a itemprop='image' class='lightbox qbutton small white' title='REFORMA INTEGRAL DE COCINA BARCELONA' href='https:\/\/cuinesduran.com\/wp-content\/uploads\/2023\/01\/CDPD03_1.jpg' data-rel='prettyPhoto[pretty_photo_gallery]'>zoom<\/a><a itemprop='url' class='preview qbutton small white' href='https:\/\/cuinesduran.com\/es\/portfolio_page\/reforma-integral-de-cocina-barcelona\/' target='_self'>ver<\/a><\/span><\/span><\/span><\/span><\/span><\/div><div class='portfolio_description '><h5 itemprop=\"name\" class=\"portfolio_title entry_title\"><a itemprop=\"url\" href=\"https:\/\/cuinesduran.com\/es\/portfolio_page\/reforma-integral-de-cocina-barcelona\/\"  target=\"_self\">REFORMA INTEGRAL DE COCINA BARCELONA<\/a><\/h5><span class=\"project_category\" >Interior design<\/span><\/div><\/article>\n<article class='mix ' style=''><div class='image_holder'><a itemprop='url' class='portfolio_link_for_touch' href='https:\/\/cuinesduran.com\/es\/portfolio_page\/reforma-integral-de-cocina-en-vilanova-i-la-geltru\/' target='_self'><span class='image'><img loading=\"lazy\" decoding=\"async\" width=\"800\" height=\"600\" src=\"https:\/\/cuinesduran.com\/wp-content\/uploads\/2024\/02\/vn04_1-800x600.jpg\" class=\"attachment-portfolio-landscape size-portfolio-landscape wp-post-image\" alt=\"\" \/><\/span><\/a><span class='text_holder'><span class='text_outer'><span class='text_inner'><span class='feature_holder'><span class=\"feature_holder_icons\"><a itemprop='image' class='lightbox qbutton small white' title='REFORMA INTEGRAL DE COCINA EN VILANOVA I LA GELTR\u00da' href='https:\/\/cuinesduran.com\/wp-content\/uploads\/2024\/02\/vn04_1.jpg' data-rel='prettyPhoto[pretty_photo_gallery]'>zoom<\/a><a itemprop='url' class='preview qbutton small white' href='https:\/\/cuinesduran.com\/es\/portfolio_page\/reforma-integral-de-cocina-en-vilanova-i-la-geltru\/' target='_self'>ver<\/a><\/span><\/span><\/span><\/span><\/span><\/div><div class='portfolio_description '><h5 itemprop=\"name\" class=\"portfolio_title entry_title\"><a itemprop=\"url\" href=\"https:\/\/cuinesduran.com\/es\/portfolio_page\/reforma-integral-de-cocina-en-vilanova-i-la-geltru\/\"  target=\"_self\">REFORMA INTEGRAL DE COCINA EN VILANOVA I LA GELTR\u00da<\/a><\/h5><span class=\"project_category\" ><\/span><\/div><\/article>\n<article class='mix ' style=''><div class='image_holder'><a itemprop='url' class='portfolio_link_for_touch' href='https:\/\/cuinesduran.com\/es\/portfolio_page\/reforma-integral-de-cocina-en-vilanova-i-la-geltru-2\/' target='_self'><span class='image'><img loading=\"lazy\" decoding=\"async\" width=\"800\" height=\"600\" src=\"https:\/\/cuinesduran.com\/wp-content\/uploads\/2024\/02\/807A0750-800x600.jpg\" class=\"attachment-portfolio-landscape size-portfolio-landscape wp-post-image\" alt=\"\" \/><\/span><\/a><span class='text_holder'><span class='text_outer'><span class='text_inner'><span class='feature_holder'><span class=\"feature_holder_icons\"><a itemprop='image' class='lightbox qbutton small white' title='REFORMA INTEGRAL DE COCINA EN VILANOVA I LA GELTR\u00da' href='https:\/\/cuinesduran.com\/wp-content\/uploads\/2024\/02\/807A0750.jpg' data-rel='prettyPhoto[pretty_photo_gallery]'>zoom<\/a><a itemprop='url' class='preview qbutton small white' href='https:\/\/cuinesduran.com\/es\/portfolio_page\/reforma-integral-de-cocina-en-vilanova-i-la-geltru-2\/' target='_self'>ver<\/a><\/span><\/span><\/span><\/span><\/span><\/div><div class='portfolio_description '><h5 itemprop=\"name\" class=\"portfolio_title entry_title\"><a itemprop=\"url\" href=\"https:\/\/cuinesduran.com\/es\/portfolio_page\/reforma-integral-de-cocina-en-vilanova-i-la-geltru-2\/\"  target=\"_self\">REFORMA INTEGRAL DE COCINA EN VILANOVA I LA GELTR\u00da<\/a><\/h5><span class=\"project_category\" ><\/span><\/div><\/article>\n<div class='filler'><\/div>\n<div class='filler'><\/div>\n<\/div><\/div>[\/vc_column][\/vc_row][vc_row css_animation=\u00bb\u00bb row_type=\u00bbrow\u00bb use_row_as_full_screen_section=\u00bbno\u00bb type=\u00bbfull_width\u00bb angled_section=\u00bbno\u00bb text_align=\u00bbleft\u00bb background_image_as_pattern=\u00bbwithout_pattern\u00bb z_index=\u00bb\u00bb][vc_column][vc_column_text]<\/p>\n<h1 style=\"text-align: center; font-family: 'Montserrat', sans-serif; font-size: 23px; letter-spacing: 3px;\">Cocinas a medida<\/h1>\n<p>[\/vc_column_text][vc_empty_space][\/vc_column][\/vc_row][vc_row css_animation=\u00bb\u00bb row_type=\u00bbrow\u00bb use_row_as_full_screen_section=\u00bbno\u00bb type=\u00bbfull_width\u00bb angled_section=\u00bbno\u00bb text_align=\u00bbleft\u00bb background_image_as_pattern=\u00bbwithout_pattern\u00bb css=\u00bb.vc_custom_1557830409760{margin-top: 30px !important;margin-bottom: 30px !important;}\u00bb z_index=\u00bb\u00bb][vc_column][vc_row_inner row_type=\u00bbrow\u00bb type=\u00bbfull_width\u00bb text_align=\u00bbleft\u00bb css_animation=\u00bb\u00bb][vc_column_inner][vc_single_image image=\u00bb17871&#8243; img_size=\u00bbfull\u00bb qode_css_animation=\u00bb\u00bb][\/vc_column_inner][\/vc_row_inner][\/vc_column][\/vc_row]<\/p>\n<\/div>","protected":false},"excerpt":{"rendered":"<p>[vc_row css_animation=\u00bb\u00bb row_type=\u00bbrow\u00bb use_row_as_full_screen_section=\u00bbno\u00bb type=\u00bbfull_width\u00bb angled_section=\u00bbno\u00bb text_align=\u00bbleft\u00bb background_image_as_pattern=\u00bbwithout_pattern\u00bb el_class=\u00bbprojectes\u00bb z_index=\u00bb\u00bb][vc_column][\/vc_column][\/vc_row][vc_row css_animation=\u00bb\u00bb row_type=\u00bbrow\u00bb use_row_as_full_screen_section=\u00bbno\u00bb type=\u00bbfull_width\u00bb angled_section=\u00bbno\u00bb text_align=\u00bbleft\u00bb background_image_as_pattern=\u00bbwithout_pattern\u00bb z_index=\u00bb\u00bb][vc_column][vc_column_text] Cocinas a&#8230;<\/p>\n","protected":false},"author":2,"featured_media":0,"parent":0,"menu_order":0,"comment_status":"closed","ping_status":"closed","template":"","meta":{"footnotes":""},"class_list":["post-15857","page","type-page","status-publish","hentry"],"yoast_head":"<!-- This site is optimized with the Yoast SEO plugin v27.6 - https:\/\/yoast.com\/product\/yoast-seo-wordpress\/ -->\n<title>\u00daltimos proyectos de cocinas a medida de Cocinas Duran<\/title>\n<meta name=\"description\" content=\"Descubre los \u00faltimos proyectos de cocinas a medida de Cocinas Duran. Cocinas a medida. Interiorismo. Cont\u00e1ctanos 938 15 48 92.\" \/>\n<meta name=\"robots\" content=\"index, follow, max-snippet:-1, max-image-preview:large, max-video-preview:-1\" \/>\n<link rel=\"canonical\" href=\"https:\/\/cuinesduran.com\/es\/proyectos\/\" \/>\n<meta property=\"og:locale\" content=\"es_ES\" \/>\n<meta property=\"og:type\" content=\"article\" \/>\n<meta property=\"og:title\" content=\"\u00daltimos proyectos de cocinas a medida de Cocinas Duran\" \/>\n<meta property=\"og:description\" content=\"Descubre los \u00faltimos proyectos de cocinas a medida de Cocinas Duran. Cocinas a medida. Interiorismo. Cont\u00e1ctanos 938 15 48 92.\" \/>\n<meta property=\"og:url\" content=\"https:\/\/cuinesduran.com\/es\/proyectos\/\" \/>\n<meta property=\"og:site_name\" content=\"Cuines Duran\" \/>\n<meta property=\"article:publisher\" content=\"https:\/\/www.facebook.com\/crearteinteriors\/\" \/>\n<meta property=\"article:modified_time\" content=\"2024-05-14T07:37:06+00:00\" \/>\n<meta name=\"twitter:card\" content=\"summary_large_image\" \/>\n<meta name=\"twitter:label1\" content=\"Tiempo de lectura\" \/>\n\t<meta name=\"twitter:data1\" content=\"1 minuto\" \/>\n<script type=\"application\/ld+json\" class=\"yoast-schema-graph\">{\"@context\":\"https:\\\/\\\/schema.org\",\"@graph\":[{\"@type\":\"WebPage\",\"@id\":\"https:\\\/\\\/cuinesduran.com\\\/es\\\/proyectos\\\/\",\"url\":\"https:\\\/\\\/cuinesduran.com\\\/es\\\/proyectos\\\/\",\"name\":\"\u00daltimos proyectos de cocinas a medida de Cocinas Duran\",\"isPartOf\":{\"@id\":\"https:\\\/\\\/cuinesduran.com\\\/#website\"},\"datePublished\":\"2019-05-09T10:39:23+00:00\",\"dateModified\":\"2024-05-14T07:37:06+00:00\",\"description\":\"Descubre los \u00faltimos proyectos de cocinas a medida de Cocinas Duran. Cocinas a medida. Interiorismo. Cont\u00e1ctanos 938 15 48 92.\",\"breadcrumb\":{\"@id\":\"https:\\\/\\\/cuinesduran.com\\\/es\\\/proyectos\\\/#breadcrumb\"},\"inLanguage\":\"es\",\"potentialAction\":[{\"@type\":\"ReadAction\",\"target\":[\"https:\\\/\\\/cuinesduran.com\\\/es\\\/proyectos\\\/\"]}]},{\"@type\":\"BreadcrumbList\",\"@id\":\"https:\\\/\\\/cuinesduran.com\\\/es\\\/proyectos\\\/#breadcrumb\",\"itemListElement\":[{\"@type\":\"ListItem\",\"position\":1,\"name\":\"Inici\",\"item\":\"https:\\\/\\\/cuinesduran.com\\\/es\\\/\"},{\"@type\":\"ListItem\",\"position\":2,\"name\":\"PROYECTOS\"}]},{\"@type\":\"WebSite\",\"@id\":\"https:\\\/\\\/cuinesduran.com\\\/#website\",\"url\":\"https:\\\/\\\/cuinesduran.com\\\/\",\"name\":\"Cuines Duran\",\"description\":\"Estudi d\u2019interiorisme.\",\"publisher\":{\"@id\":\"https:\\\/\\\/cuinesduran.com\\\/#organization\"},\"potentialAction\":[{\"@type\":\"SearchAction\",\"target\":{\"@type\":\"EntryPoint\",\"urlTemplate\":\"https:\\\/\\\/cuinesduran.com\\\/?s={search_term_string}\"},\"query-input\":{\"@type\":\"PropertyValueSpecification\",\"valueRequired\":true,\"valueName\":\"search_term_string\"}}],\"inLanguage\":\"es\"},{\"@type\":\"Organization\",\"@id\":\"https:\\\/\\\/cuinesduran.com\\\/#organization\",\"name\":\"Cuines Duran\",\"url\":\"https:\\\/\\\/cuinesduran.com\\\/\",\"logo\":{\"@type\":\"ImageObject\",\"inLanguage\":\"es\",\"@id\":\"https:\\\/\\\/cuinesduran.com\\\/#\\\/schema\\\/logo\\\/image\\\/\",\"url\":\"https:\\\/\\\/cuinesduran.com\\\/wp-content\\\/uploads\\\/2022\\\/12\\\/logo-quadrat_Bl.jpg\",\"contentUrl\":\"https:\\\/\\\/cuinesduran.com\\\/wp-content\\\/uploads\\\/2022\\\/12\\\/logo-quadrat_Bl.jpg\",\"width\":2008,\"height\":2008,\"caption\":\"Cuines Duran\"},\"image\":{\"@id\":\"https:\\\/\\\/cuinesduran.com\\\/#\\\/schema\\\/logo\\\/image\\\/\"},\"sameAs\":[\"https:\\\/\\\/www.facebook.com\\\/crearteinteriors\\\/\",\"https:\\\/\\\/www.instagram.com\\\/crearteinteriors\\\/\"]}]}<\/script>\n<!-- \/ Yoast SEO plugin. -->","yoast_head_json":{"title":"\u00daltimos proyectos de cocinas a medida de Cocinas Duran","description":"Descubre los \u00faltimos proyectos de cocinas a medida de Cocinas Duran. Cocinas a medida. Interiorismo. Cont\u00e1ctanos 938 15 48 92.","robots":{"index":"index","follow":"follow","max-snippet":"max-snippet:-1","max-image-preview":"max-image-preview:large","max-video-preview":"max-video-preview:-1"},"canonical":"https:\/\/cuinesduran.com\/es\/proyectos\/","og_locale":"es_ES","og_type":"article","og_title":"\u00daltimos proyectos de cocinas a medida de Cocinas Duran","og_description":"Descubre los \u00faltimos proyectos de cocinas a medida de Cocinas Duran. Cocinas a medida. Interiorismo. Cont\u00e1ctanos 938 15 48 92.","og_url":"https:\/\/cuinesduran.com\/es\/proyectos\/","og_site_name":"Cuines Duran","article_publisher":"https:\/\/www.facebook.com\/crearteinteriors\/","article_modified_time":"2024-05-14T07:37:06+00:00","twitter_card":"summary_large_image","twitter_misc":{"Tiempo de lectura":"1 minuto"},"schema":{"@context":"https:\/\/schema.org","@graph":[{"@type":"WebPage","@id":"https:\/\/cuinesduran.com\/es\/proyectos\/","url":"https:\/\/cuinesduran.com\/es\/proyectos\/","name":"\u00daltimos proyectos de cocinas a medida de Cocinas Duran","isPartOf":{"@id":"https:\/\/cuinesduran.com\/#website"},"datePublished":"2019-05-09T10:39:23+00:00","dateModified":"2024-05-14T07:37:06+00:00","description":"Descubre los \u00faltimos proyectos de cocinas a medida de Cocinas Duran. Cocinas a medida. Interiorismo. Cont\u00e1ctanos 938 15 48 92.","breadcrumb":{"@id":"https:\/\/cuinesduran.com\/es\/proyectos\/#breadcrumb"},"inLanguage":"es","potentialAction":[{"@type":"ReadAction","target":["https:\/\/cuinesduran.com\/es\/proyectos\/"]}]},{"@type":"BreadcrumbList","@id":"https:\/\/cuinesduran.com\/es\/proyectos\/#breadcrumb","itemListElement":[{"@type":"ListItem","position":1,"name":"Inici","item":"https:\/\/cuinesduran.com\/es\/"},{"@type":"ListItem","position":2,"name":"PROYECTOS"}]},{"@type":"WebSite","@id":"https:\/\/cuinesduran.com\/#website","url":"https:\/\/cuinesduran.com\/","name":"Cuines Duran","description":"Estudi d\u2019interiorisme.","publisher":{"@id":"https:\/\/cuinesduran.com\/#organization"},"potentialAction":[{"@type":"SearchAction","target":{"@type":"EntryPoint","urlTemplate":"https:\/\/cuinesduran.com\/?s={search_term_string}"},"query-input":{"@type":"PropertyValueSpecification","valueRequired":true,"valueName":"search_term_string"}}],"inLanguage":"es"},{"@type":"Organization","@id":"https:\/\/cuinesduran.com\/#organization","name":"Cuines Duran","url":"https:\/\/cuinesduran.com\/","logo":{"@type":"ImageObject","inLanguage":"es","@id":"https:\/\/cuinesduran.com\/#\/schema\/logo\/image\/","url":"https:\/\/cuinesduran.com\/wp-content\/uploads\/2022\/12\/logo-quadrat_Bl.jpg","contentUrl":"https:\/\/cuinesduran.com\/wp-content\/uploads\/2022\/12\/logo-quadrat_Bl.jpg","width":2008,"height":2008,"caption":"Cuines Duran"},"image":{"@id":"https:\/\/cuinesduran.com\/#\/schema\/logo\/image\/"},"sameAs":["https:\/\/www.facebook.com\/crearteinteriors\/","https:\/\/www.instagram.com\/crearteinteriors\/"]}]}},"_links":{"self":[{"href":"https:\/\/cuinesduran.com\/es\/wp-json\/wp\/v2\/pages\/15857","targetHints":{"allow":["GET"]}}],"collection":[{"href":"https:\/\/cuinesduran.com\/es\/wp-json\/wp\/v2\/pages"}],"about":[{"href":"https:\/\/cuinesduran.com\/es\/wp-json\/wp\/v2\/types\/page"}],"author":[{"embeddable":true,"href":"https:\/\/cuinesduran.com\/es\/wp-json\/wp\/v2\/users\/2"}],"replies":[{"embeddable":true,"href":"https:\/\/cuinesduran.com\/es\/wp-json\/wp\/v2\/comments?post=15857"}],"version-history":[{"count":10,"href":"https:\/\/cuinesduran.com\/es\/wp-json\/wp\/v2\/pages\/15857\/revisions"}],"predecessor-version":[{"id":18157,"href":"https:\/\/cuinesduran.com\/es\/wp-json\/wp\/v2\/pages\/15857\/revisions\/18157"}],"wp:attachment":[{"href":"https:\/\/cuinesduran.com\/es\/wp-json\/wp\/v2\/media?parent=15857"}],"curies":[{"name":"wp","href":"https:\/\/api.w.org\/{rel}","templated":true}]}}