{"id":18103,"date":"2024-05-07T10:32:11","date_gmt":"2024-05-07T10:32:11","guid":{"rendered":"https:\/\/cuinesduran.com\/?page_id=18103"},"modified":"2024-05-08T10:54:12","modified_gmt":"2024-05-08T10:54:12","slug":"declaracicon-de-accesibilidad","status":"publish","type":"page","link":"https:\/\/cuinesduran.com\/es\/declaracicon-de-accesibilidad\/","title":{"rendered":"Declaraci\u00f3n de accesibilidad"},"content":{"rendered":"<div class=\"wpb-content-wrapper\"><p>[vc_row css_animation=\u00bb\u00bb row_type=\u00bbrow\u00bb use_row_as_full_screen_section=\u00bbno\u00bb type=\u00bbfull_width\u00bb angled_section=\u00bbno\u00bb text_align=\u00bbleft\u00bb background_image_as_pattern=\u00bbwithout_pattern\u00bb el_class=\u00bblegal_section1&#8243; z_index=\u00bb\u00bb][vc_column][vc_column_text]<strong>POL\u00cdTICA DE ACCESIBILIDAD<\/strong><\/p>\n<p>&nbsp;<\/p>\n<p>Salvador Duran Romeo<b>\u00a0<\/b>se ha comprometido a hacer accesible su sitio web de conformidad con el Real Decreto 1112\/2018, de 7 de septiembre, sobre accesibilidad de los sitios web y aplicaciones para dispositivos m\u00f3viles del sector p\u00fablico, o desarrollos financiados desde Europa.<\/p>\n<p>&nbsp;<\/p>\n<p>La presente declaraci\u00f3n de accesibilidad se aplica al sitio web\u00a0https:\/\/cuinesduran.com\/ excluyendo los contenidos incrustados provenientes de otros dominios.<\/p>\n<p>&nbsp;<\/p>\n<p><strong>Situaci\u00f3n de cumplimiento<\/strong><\/p>\n<p>&nbsp;<\/p>\n<p>Este sitio web es <strong>plenamente\u00a0conforme<\/strong>\u00a0con el RD 1112\/2018 debido a la falta de conformidad de los aspectos que se indican a continuaci\u00f3n.<\/p>\n<p>&nbsp;<\/p>\n<p><strong>Contenido no accesible<\/strong><\/p>\n<p>&nbsp;<\/p>\n<p>El contenido que se recoge a continuaci\u00f3n no es accesible por los siguientes motivos:<\/p>\n<p>&nbsp;<\/p>\n<p><strong>Falta de conformidad<\/strong><\/p>\n<p>&nbsp;<\/p>\n<p>Pueden existir algunas im\u00e1genes cuya alternativa no est\u00e9 implementada o no sea correcta \u2013 \u2013 Requisito 9.1.1.1 Contenido no textual UNE-EN 301549:2022. En los formularios, puede haber campos que no se hayan facilitado su rellenado a trav\u00e9s de sistemas autom\u00e1ticos \u2013 Requisito 9.1.3.5 Identificar el prop\u00f3sito de la entrada UNE-EN 301549:2022 Podr\u00edan existir fallos puntuales de edici\u00f3n en alguna p\u00e1gina web.\u00a0\u00a0Carga desproporcionada: No resulta aplicable.\u00a0El contenido no entra dentro del \u00e1mbito de la legislaci\u00f3n aplicable.<\/p>\n<p>&nbsp;<\/p>\n<p>Podr\u00edan existir archivos ofim\u00e1ticos en PDF u otros formatos publicados antes del 20 de septiembre de 2018 que no cumplan en su totalidad todos los requisitos de accesibilidad. Puede haber contenidos de terceros que no est\u00e9n desarrollados en esta Unidad, ni bajo su control, como archivos ofim\u00e1ticos de diferentes organismos que deban publicarse en este sitio.<\/p>\n<p>&nbsp;<\/p>\n<p><strong>Observaciones y datos de contacto<\/strong><\/p>\n<p>&nbsp;<\/p>\n<p>&nbsp;<\/p>\n<p>Puede realizar comunicaciones sobre requisitos de accesibilidad [art\u00edculo 10.2.a) del RD 1112\/2018] como, por ejemplo:<\/p>\n<p>Informar sobre cualquier posible incumplimiento por parte de este sitio web. Transmitir otras dificultades de acceso al contenido. Formular cualquier otra consulta o sugerencia de mejora relativa a la accesibilidad del sitio web a trav\u00e9s del siguiente\u00a0<a href=\"https:\/\/cuinesduran.com\/contacto\/\"><strong>Formulario de contacto<\/strong><\/a> o al correo <strong>administracio@cuinesduran.com<\/strong><\/p>\n<p>&nbsp;<\/p>\n<p>&nbsp;<\/p>\n<p><strong>Puede presentar:<\/strong><\/p>\n<p>&nbsp;<\/p>\n<p>\u2013 Una queja relativa al cumplimiento de los requisitos del RD 1112\/2018.<\/p>\n<p>&nbsp;<\/p>\n<p>\u2013 Una solicitud de informaci\u00f3n accesible relativa a: Contenidos que est\u00e1n excluidos del \u00e1mbito de aplicaci\u00f3n del RD 1112\/2018 seg\u00fan lo establecido por el art\u00edculo 3, apartado 4.<\/p>\n<p>&nbsp;<\/p>\n<p>\u2013 Contenidos que est\u00e1n exentos del cumplimiento de los requisitos de accesibilidad por imponer una carga desproporcionada.<\/p>\n<p>&nbsp;<\/p>\n<p>En la solicitud de informaci\u00f3n accesible, se debe concretar, con toda claridad, los hechos, razones y petici\u00f3n que permitan constatar que se trata de una solicitud razonable y leg\u00edtima.[\/vc_column_text][\/vc_column][\/vc_row]<\/p>\n<\/div>","protected":false},"excerpt":{"rendered":"<p>[vc_row css_animation=\u00bb\u00bb row_type=\u00bbrow\u00bb use_row_as_full_screen_section=\u00bbno\u00bb type=\u00bbfull_width\u00bb angled_section=\u00bbno\u00bb text_align=\u00bbleft\u00bb background_image_as_pattern=\u00bbwithout_pattern\u00bb el_class=\u00bblegal_section1&#8243; z_index=\u00bb\u00bb][vc_column][vc_column_text]POL\u00cdTICA DE ACCESIBILIDAD &nbsp; Salvador Duran Romeo\u00a0se ha comprometido a hacer&#8230;<\/p>\n","protected":false},"author":2,"featured_media":0,"parent":0,"menu_order":0,"comment_status":"closed","ping_status":"closed","template":"","meta":{"footnotes":""},"class_list":["post-18103","page","type-page","status-publish","hentry"],"yoast_head":"<!-- This site is optimized with the Yoast SEO plugin v27.6 - https:\/\/yoast.com\/product\/yoast-seo-wordpress\/ -->\n<title>Declaraci\u00f3n de accesibilidad - Cuines Duran<\/title>\n<meta name=\"robots\" content=\"index, nofollow, max-snippet:-1, max-image-preview:large, max-video-preview:-1\" \/>\n<link rel=\"canonical\" href=\"https:\/\/cuinesduran.com\/es\/declaracicon-de-accesibilidad\/\" \/>\n<meta property=\"og:locale\" content=\"es_ES\" \/>\n<meta property=\"og:type\" content=\"article\" \/>\n<meta property=\"og:title\" content=\"Declaraci\u00f3n de accesibilidad - Cuines Duran\" \/>\n<meta property=\"og:description\" content=\"[vc_row css_animation=\u00bb\u00bb row_type=\u00bbrow\u00bb use_row_as_full_screen_section=\u00bbno\u00bb type=\u00bbfull_width\u00bb angled_section=\u00bbno\u00bb text_align=\u00bbleft\u00bb background_image_as_pattern=\u00bbwithout_pattern\u00bb el_class=\u00bblegal_section1&#8243; z_index=\u00bb\u00bb][vc_column][vc_column_text]POL\u00cdTICA DE ACCESIBILIDAD &nbsp; Salvador Duran Romeo\u00a0se ha comprometido a hacer...\" \/>\n<meta property=\"og:url\" content=\"https:\/\/cuinesduran.com\/es\/declaracicon-de-accesibilidad\/\" \/>\n<meta property=\"og:site_name\" content=\"Cuines Duran\" \/>\n<meta property=\"article:publisher\" content=\"https:\/\/www.facebook.com\/crearteinteriors\/\" \/>\n<meta property=\"article:modified_time\" content=\"2024-05-08T10:54:12+00:00\" \/>\n<meta name=\"twitter:card\" content=\"summary_large_image\" \/>\n<meta name=\"twitter:label1\" content=\"Tiempo de lectura\" \/>\n\t<meta name=\"twitter:data1\" content=\"3 minutos\" \/>\n<script type=\"application\/ld+json\" class=\"yoast-schema-graph\">{\"@context\":\"https:\\\/\\\/schema.org\",\"@graph\":[{\"@type\":\"WebPage\",\"@id\":\"https:\\\/\\\/cuinesduran.com\\\/es\\\/declaracicon-de-accesibilidad\\\/\",\"url\":\"https:\\\/\\\/cuinesduran.com\\\/es\\\/declaracicon-de-accesibilidad\\\/\",\"name\":\"Declaraci\u00f3n de accesibilidad - Cuines Duran\",\"isPartOf\":{\"@id\":\"https:\\\/\\\/cuinesduran.com\\\/#website\"},\"datePublished\":\"2024-05-07T10:32:11+00:00\",\"dateModified\":\"2024-05-08T10:54:12+00:00\",\"breadcrumb\":{\"@id\":\"https:\\\/\\\/cuinesduran.com\\\/es\\\/declaracicon-de-accesibilidad\\\/#breadcrumb\"},\"inLanguage\":\"es\",\"potentialAction\":[{\"@type\":\"ReadAction\",\"target\":[\"https:\\\/\\\/cuinesduran.com\\\/es\\\/declaracicon-de-accesibilidad\\\/\"]}]},{\"@type\":\"BreadcrumbList\",\"@id\":\"https:\\\/\\\/cuinesduran.com\\\/es\\\/declaracicon-de-accesibilidad\\\/#breadcrumb\",\"itemListElement\":[{\"@type\":\"ListItem\",\"position\":1,\"name\":\"Inici\",\"item\":\"https:\\\/\\\/cuinesduran.com\\\/es\\\/\"},{\"@type\":\"ListItem\",\"position\":2,\"name\":\"Declaraci\u00f3n de accesibilidad\"}]},{\"@type\":\"WebSite\",\"@id\":\"https:\\\/\\\/cuinesduran.com\\\/#website\",\"url\":\"https:\\\/\\\/cuinesduran.com\\\/\",\"name\":\"Cuines Duran\",\"description\":\"Estudi d\u2019interiorisme.\",\"publisher\":{\"@id\":\"https:\\\/\\\/cuinesduran.com\\\/#organization\"},\"potentialAction\":[{\"@type\":\"SearchAction\",\"target\":{\"@type\":\"EntryPoint\",\"urlTemplate\":\"https:\\\/\\\/cuinesduran.com\\\/?s={search_term_string}\"},\"query-input\":{\"@type\":\"PropertyValueSpecification\",\"valueRequired\":true,\"valueName\":\"search_term_string\"}}],\"inLanguage\":\"es\"},{\"@type\":\"Organization\",\"@id\":\"https:\\\/\\\/cuinesduran.com\\\/#organization\",\"name\":\"Cuines Duran\",\"url\":\"https:\\\/\\\/cuinesduran.com\\\/\",\"logo\":{\"@type\":\"ImageObject\",\"inLanguage\":\"es\",\"@id\":\"https:\\\/\\\/cuinesduran.com\\\/#\\\/schema\\\/logo\\\/image\\\/\",\"url\":\"https:\\\/\\\/cuinesduran.com\\\/wp-content\\\/uploads\\\/2022\\\/12\\\/logo-quadrat_Bl.jpg\",\"contentUrl\":\"https:\\\/\\\/cuinesduran.com\\\/wp-content\\\/uploads\\\/2022\\\/12\\\/logo-quadrat_Bl.jpg\",\"width\":2008,\"height\":2008,\"caption\":\"Cuines Duran\"},\"image\":{\"@id\":\"https:\\\/\\\/cuinesduran.com\\\/#\\\/schema\\\/logo\\\/image\\\/\"},\"sameAs\":[\"https:\\\/\\\/www.facebook.com\\\/crearteinteriors\\\/\",\"https:\\\/\\\/www.instagram.com\\\/crearteinteriors\\\/\"]}]}<\/script>\n<!-- \/ Yoast SEO plugin. -->","yoast_head_json":{"title":"Declaraci\u00f3n de accesibilidad - Cuines Duran","robots":{"index":"index","follow":"nofollow","max-snippet":"max-snippet:-1","max-image-preview":"max-image-preview:large","max-video-preview":"max-video-preview:-1"},"canonical":"https:\/\/cuinesduran.com\/es\/declaracicon-de-accesibilidad\/","og_locale":"es_ES","og_type":"article","og_title":"Declaraci\u00f3n de accesibilidad - Cuines Duran","og_description":"[vc_row css_animation=\u00bb\u00bb row_type=\u00bbrow\u00bb use_row_as_full_screen_section=\u00bbno\u00bb type=\u00bbfull_width\u00bb angled_section=\u00bbno\u00bb text_align=\u00bbleft\u00bb background_image_as_pattern=\u00bbwithout_pattern\u00bb el_class=\u00bblegal_section1&#8243; z_index=\u00bb\u00bb][vc_column][vc_column_text]POL\u00cdTICA DE ACCESIBILIDAD &nbsp; Salvador Duran Romeo\u00a0se ha comprometido a hacer...","og_url":"https:\/\/cuinesduran.com\/es\/declaracicon-de-accesibilidad\/","og_site_name":"Cuines Duran","article_publisher":"https:\/\/www.facebook.com\/crearteinteriors\/","article_modified_time":"2024-05-08T10:54:12+00:00","twitter_card":"summary_large_image","twitter_misc":{"Tiempo de lectura":"3 minutos"},"schema":{"@context":"https:\/\/schema.org","@graph":[{"@type":"WebPage","@id":"https:\/\/cuinesduran.com\/es\/declaracicon-de-accesibilidad\/","url":"https:\/\/cuinesduran.com\/es\/declaracicon-de-accesibilidad\/","name":"Declaraci\u00f3n de accesibilidad - Cuines Duran","isPartOf":{"@id":"https:\/\/cuinesduran.com\/#website"},"datePublished":"2024-05-07T10:32:11+00:00","dateModified":"2024-05-08T10:54:12+00:00","breadcrumb":{"@id":"https:\/\/cuinesduran.com\/es\/declaracicon-de-accesibilidad\/#breadcrumb"},"inLanguage":"es","potentialAction":[{"@type":"ReadAction","target":["https:\/\/cuinesduran.com\/es\/declaracicon-de-accesibilidad\/"]}]},{"@type":"BreadcrumbList","@id":"https:\/\/cuinesduran.com\/es\/declaracicon-de-accesibilidad\/#breadcrumb","itemListElement":[{"@type":"ListItem","position":1,"name":"Inici","item":"https:\/\/cuinesduran.com\/es\/"},{"@type":"ListItem","position":2,"name":"Declaraci\u00f3n de accesibilidad"}]},{"@type":"WebSite","@id":"https:\/\/cuinesduran.com\/#website","url":"https:\/\/cuinesduran.com\/","name":"Cuines Duran","description":"Estudi d\u2019interiorisme.","publisher":{"@id":"https:\/\/cuinesduran.com\/#organization"},"potentialAction":[{"@type":"SearchAction","target":{"@type":"EntryPoint","urlTemplate":"https:\/\/cuinesduran.com\/?s={search_term_string}"},"query-input":{"@type":"PropertyValueSpecification","valueRequired":true,"valueName":"search_term_string"}}],"inLanguage":"es"},{"@type":"Organization","@id":"https:\/\/cuinesduran.com\/#organization","name":"Cuines Duran","url":"https:\/\/cuinesduran.com\/","logo":{"@type":"ImageObject","inLanguage":"es","@id":"https:\/\/cuinesduran.com\/#\/schema\/logo\/image\/","url":"https:\/\/cuinesduran.com\/wp-content\/uploads\/2022\/12\/logo-quadrat_Bl.jpg","contentUrl":"https:\/\/cuinesduran.com\/wp-content\/uploads\/2022\/12\/logo-quadrat_Bl.jpg","width":2008,"height":2008,"caption":"Cuines Duran"},"image":{"@id":"https:\/\/cuinesduran.com\/#\/schema\/logo\/image\/"},"sameAs":["https:\/\/www.facebook.com\/crearteinteriors\/","https:\/\/www.instagram.com\/crearteinteriors\/"]}]}},"_links":{"self":[{"href":"https:\/\/cuinesduran.com\/es\/wp-json\/wp\/v2\/pages\/18103","targetHints":{"allow":["GET"]}}],"collection":[{"href":"https:\/\/cuinesduran.com\/es\/wp-json\/wp\/v2\/pages"}],"about":[{"href":"https:\/\/cuinesduran.com\/es\/wp-json\/wp\/v2\/types\/page"}],"author":[{"embeddable":true,"href":"https:\/\/cuinesduran.com\/es\/wp-json\/wp\/v2\/users\/2"}],"replies":[{"embeddable":true,"href":"https:\/\/cuinesduran.com\/es\/wp-json\/wp\/v2\/comments?post=18103"}],"version-history":[{"count":3,"href":"https:\/\/cuinesduran.com\/es\/wp-json\/wp\/v2\/pages\/18103\/revisions"}],"predecessor-version":[{"id":18131,"href":"https:\/\/cuinesduran.com\/es\/wp-json\/wp\/v2\/pages\/18103\/revisions\/18131"}],"wp:attachment":[{"href":"https:\/\/cuinesduran.com\/es\/wp-json\/wp\/v2\/media?parent=18103"}],"curies":[{"name":"wp","href":"https:\/\/api.w.org\/{rel}","templated":true}]}}